{"id":91,"date":"2025-08-07T10:43:29","date_gmt":"2025-08-07T10:43:29","guid":{"rendered":"http:\/\/www.kahler.com.tr\/index.php\/seeders\/"},"modified":"2025-08-08T08:36:15","modified_gmt":"2025-08-08T08:36:15","slug":"seeders","status":"publish","type":"page","link":"https:\/\/www.kahler.com.tr\/index.php\/seeders\/","title":{"rendered":"Seeders"},"content":{"rendered":"\n\n\n<figure class=\"wp-block-table\"><table class=\"has-fixed-layout\"><tbody><tr><th>Model<\/th><th>KH-4<\/th><th>KHP-5<\/th><th>KHP-6<\/th><th>KHP-8<\/th><\/tr><tr><th>Width \/ Geni\u015flik (mm)<\/th><td>2800<\/td><td>3200<\/td><td>4000<\/td><td>5600<\/td><\/tr><tr><th>Heigth \/ Y\u00fckseklik (mm)<\/th><td>1600<\/td><td>1600<\/td><td>1600<\/td><td>1600<\/td><\/tr><tr><th>Length \/ Uzunluk (mm)<\/th><td>2000<\/td><td>2000<\/td><td>2000<\/td><td>2000<\/td><\/tr><tr><th>Seed Tank Volume \/ Tohum Depo Hacmi (lt)<\/th><td>60 * 4<\/td><td>60 * 5<\/td><td>60 * 6<\/td><td>60 * 8<\/td><\/tr><tr><th>Fertilizer Tank Volume \/ G\u00fcbre Depo Hacmi (lt)<\/th><td>2 * 200<\/td><td>2 * 200<\/td><td>2 * 200<\/td><td>4 * 200<\/td><\/tr><tr><th>Distance Between Rows \/ S\u0131ra Aras\u0131 Mesafe (cm)<\/th><td>45-70-75<\/td><td>45-70-75<\/td><td>45-70-75<\/td><td>45-70-75<\/td><\/tr><tr><th>Required Power \/ Gerekli G\u00fc\u00e7 (Hp)<\/th><td>65<\/td><td>70<\/td><td>75<\/td><td>95<\/td><\/tr><tr><th>P.T.O. (Rpm)<\/th><td>540<\/td><td>540<\/td><td>540<\/td><td>540<\/td><\/tr><tr><th>A\u011f\u0131rl\u0131k \/ Weight (Kg)<\/th><td>880<\/td><td>980<\/td><td>1200<\/td><td>1355<\/td><\/tr><\/tbody><\/table><\/figure>\n","protected":false},"excerpt":{"rendered":"<p>Model KH-4 KHP-5 KHP-6 KHP-8 Width \/ Geni\u015flik (mm) 2800 3200 4000 5600 Heigth \/ Y\u00fckseklik (mm) 1600 1600 1600 1600 Length \/ Uzunluk (mm) 2000 2000 2000 2000 Seed Tank Volume \/ Tohum Depo Hacmi (lt) 60 * 4 60 * 5 60 * 6 60 * 8 Fertilizer Tank Volume \/ G\u00fcbre Depo [&hellip;]<\/p>\n","protected":false},"author":1,"featured_media":0,"parent":0,"menu_order":0,"comment_status":"closed","ping_status":"closed","template":"","meta":{"_acf_changed":false,"saved_in_kubio":true,"footnotes":""},"class_list":["post-91","page","type-page","status-publish","hentry"],"acf":[],"kubio_ai_page_context":{"short_desc":"","purpose":"general"},"_links":{"self":[{"href":"https:\/\/www.kahler.com.tr\/index.php\/wp-json\/wp\/v2\/pages\/91","targetHints":{"allow":["GET"]}}],"collection":[{"href":"https:\/\/www.kahler.com.tr\/index.php\/wp-json\/wp\/v2\/pages"}],"about":[{"href":"https:\/\/www.kahler.com.tr\/index.php\/wp-json\/wp\/v2\/types\/page"}],"author":[{"embeddable":true,"href":"https:\/\/www.kahler.com.tr\/index.php\/wp-json\/wp\/v2\/users\/1"}],"replies":[{"embeddable":true,"href":"https:\/\/www.kahler.com.tr\/index.php\/wp-json\/wp\/v2\/comments?post=91"}],"version-history":[{"count":4,"href":"https:\/\/www.kahler.com.tr\/index.php\/wp-json\/wp\/v2\/pages\/91\/revisions"}],"predecessor-version":[{"id":173,"href":"https:\/\/www.kahler.com.tr\/index.php\/wp-json\/wp\/v2\/pages\/91\/revisions\/173"}],"wp:attachment":[{"href":"https:\/\/www.kahler.com.tr\/index.php\/wp-json\/wp\/v2\/media?parent=91"}],"curies":[{"name":"wp","href":"https:\/\/api.w.org\/{rel}","templated":true}]}}