{"id":1723,"date":"2026-03-07T22:19:15","date_gmt":"2026-03-07T22:19:15","guid":{"rendered":"https:\/\/www.kahler.com.tr\/?post_type=product&#038;p=1723"},"modified":"2026-03-13T23:50:28","modified_gmt":"2026-03-13T23:50:28","slug":"on-konveyor-onarim-kiti","status":"publish","type":"product","link":"https:\/\/www.kahler.com.tr\/index.php\/tr\/product\/on-konveyor-onarim-kiti\/","title":{"rendered":"\u00d6n Konvey\u00f6r Onar\u0131m Kiti"},"content":{"rendered":"\n<p>OEM: 1056024180<\/p>\n","protected":false},"featured_media":1719,"parent":0,"menu_order":0,"template":"","product-category":[132],"class_list":["post-1723","product","type-product","status-publish","has-post-thumbnail","hentry","product-category-holmer-tr"],"acf":[],"_links":{"self":[{"href":"https:\/\/www.kahler.com.tr\/index.php\/wp-json\/wp\/v2\/product\/1723","targetHints":{"allow":["GET"]}}],"collection":[{"href":"https:\/\/www.kahler.com.tr\/index.php\/wp-json\/wp\/v2\/product"}],"about":[{"href":"https:\/\/www.kahler.com.tr\/index.php\/wp-json\/wp\/v2\/types\/product"}],"version-history":[{"count":1,"href":"https:\/\/www.kahler.com.tr\/index.php\/wp-json\/wp\/v2\/product\/1723\/revisions"}],"predecessor-version":[{"id":1724,"href":"https:\/\/www.kahler.com.tr\/index.php\/wp-json\/wp\/v2\/product\/1723\/revisions\/1724"}],"wp:featuredmedia":[{"embeddable":true,"href":"https:\/\/www.kahler.com.tr\/index.php\/wp-json\/wp\/v2\/media\/1719"}],"wp:attachment":[{"href":"https:\/\/www.kahler.com.tr\/index.php\/wp-json\/wp\/v2\/media?parent=1723"}],"wp:term":[{"taxonomy":"product-category","embeddable":true,"href":"https:\/\/www.kahler.com.tr\/index.php\/wp-json\/wp\/v2\/product-category?post=1723"}],"curies":[{"name":"wp","href":"https:\/\/api.w.org\/{rel}","templated":true}]}}