{"id":2066,"date":"2026-03-17T21:23:09","date_gmt":"2026-03-17T21:23:09","guid":{"rendered":"https:\/\/www.kahler.com.tr\/?post_type=product&#038;p=2066"},"modified":"2026-03-17T21:24:24","modified_gmt":"2026-03-17T21:24:24","slug":"pimli-celik-ucus","status":"publish","type":"product","link":"https:\/\/www.kahler.com.tr\/index.php\/tr\/product\/pimli-celik-ucus\/","title":{"rendered":"Pimli \u00c7elik U\u00e7u\u015f"},"content":{"rendered":"\n<p>OEM: KH2007<\/p>\n","protected":false},"featured_media":2021,"parent":0,"menu_order":0,"template":"","product-category":[63],"class_list":["post-2066","product","type-product","status-publish","has-post-thumbnail","hentry","product-category-cubuk-kanat"],"acf":[],"_links":{"self":[{"href":"https:\/\/www.kahler.com.tr\/index.php\/wp-json\/wp\/v2\/product\/2066","targetHints":{"allow":["GET"]}}],"collection":[{"href":"https:\/\/www.kahler.com.tr\/index.php\/wp-json\/wp\/v2\/product"}],"about":[{"href":"https:\/\/www.kahler.com.tr\/index.php\/wp-json\/wp\/v2\/types\/product"}],"version-history":[{"count":1,"href":"https:\/\/www.kahler.com.tr\/index.php\/wp-json\/wp\/v2\/product\/2066\/revisions"}],"predecessor-version":[{"id":2067,"href":"https:\/\/www.kahler.com.tr\/index.php\/wp-json\/wp\/v2\/product\/2066\/revisions\/2067"}],"wp:featuredmedia":[{"embeddable":true,"href":"https:\/\/www.kahler.com.tr\/index.php\/wp-json\/wp\/v2\/media\/2021"}],"wp:attachment":[{"href":"https:\/\/www.kahler.com.tr\/index.php\/wp-json\/wp\/v2\/media?parent=2066"}],"wp:term":[{"taxonomy":"product-category","embeddable":true,"href":"https:\/\/www.kahler.com.tr\/index.php\/wp-json\/wp\/v2\/product-category?post=2066"}],"curies":[{"name":"wp","href":"https:\/\/api.w.org\/{rel}","templated":true}]}}