{"id":2229,"date":"2026-03-29T19:45:30","date_gmt":"2026-03-29T19:45:30","guid":{"rendered":"https:\/\/www.kahler.com.tr\/?post_type=product&#038;p=2229"},"modified":"2026-03-29T19:45:31","modified_gmt":"2026-03-29T19:45:31","slug":"agir-hizmet-tipi-kaynakli-baglanti-parcasi","status":"publish","type":"product","link":"https:\/\/www.kahler.com.tr\/index.php\/tr\/product\/agir-hizmet-tipi-kaynakli-baglanti-parcasi\/","title":{"rendered":"A\u011f\u0131r hizmet tipi kaynakl\u0131 ba\u011flant\u0131 par\u00e7as\u0131"},"content":{"rendered":"\n<p>OEM: KH4005<\/p>\n","protected":false},"featured_media":2227,"parent":0,"menu_order":0,"template":"","product-category":[67],"class_list":["post-2229","product","type-product","status-publish","has-post-thumbnail","hentry","product-category-kayis-ozel"],"acf":[],"_links":{"self":[{"href":"https:\/\/www.kahler.com.tr\/index.php\/wp-json\/wp\/v2\/product\/2229","targetHints":{"allow":["GET"]}}],"collection":[{"href":"https:\/\/www.kahler.com.tr\/index.php\/wp-json\/wp\/v2\/product"}],"about":[{"href":"https:\/\/www.kahler.com.tr\/index.php\/wp-json\/wp\/v2\/types\/product"}],"version-history":[{"count":1,"href":"https:\/\/www.kahler.com.tr\/index.php\/wp-json\/wp\/v2\/product\/2229\/revisions"}],"predecessor-version":[{"id":2230,"href":"https:\/\/www.kahler.com.tr\/index.php\/wp-json\/wp\/v2\/product\/2229\/revisions\/2230"}],"wp:featuredmedia":[{"embeddable":true,"href":"https:\/\/www.kahler.com.tr\/index.php\/wp-json\/wp\/v2\/media\/2227"}],"wp:attachment":[{"href":"https:\/\/www.kahler.com.tr\/index.php\/wp-json\/wp\/v2\/media?parent=2229"}],"wp:term":[{"taxonomy":"product-category","embeddable":true,"href":"https:\/\/www.kahler.com.tr\/index.php\/wp-json\/wp\/v2\/product-category?post=2229"}],"curies":[{"name":"wp","href":"https:\/\/api.w.org\/{rel}","templated":true}]}}