{"id":2238,"date":"2026-04-02T21:57:25","date_gmt":"2026-04-02T21:57:25","guid":{"rendered":"https:\/\/www.kahler.com.tr\/?post_type=product&#038;p=2238"},"modified":"2026-04-02T21:57:26","modified_gmt":"2026-04-02T21:57:26","slug":"kaucuk-yuzeyli-dokme-demir-govde-2","status":"publish","type":"product","link":"https:\/\/www.kahler.com.tr\/index.php\/tr\/product\/kaucuk-yuzeyli-dokme-demir-govde-2\/","title":{"rendered":"Kau\u00e7uk y\u00fczeyli d\u00f6kme demir g\u00f6vde"},"content":{"rendered":"\n<p>OEM: KH4006<\/p>\n","protected":false},"featured_media":2236,"parent":0,"menu_order":0,"template":"","product-category":[67],"class_list":["post-2238","product","type-product","status-publish","has-post-thumbnail","hentry","product-category-kayis-ozel"],"acf":[],"_links":{"self":[{"href":"https:\/\/www.kahler.com.tr\/index.php\/wp-json\/wp\/v2\/product\/2238","targetHints":{"allow":["GET"]}}],"collection":[{"href":"https:\/\/www.kahler.com.tr\/index.php\/wp-json\/wp\/v2\/product"}],"about":[{"href":"https:\/\/www.kahler.com.tr\/index.php\/wp-json\/wp\/v2\/types\/product"}],"version-history":[{"count":1,"href":"https:\/\/www.kahler.com.tr\/index.php\/wp-json\/wp\/v2\/product\/2238\/revisions"}],"predecessor-version":[{"id":2239,"href":"https:\/\/www.kahler.com.tr\/index.php\/wp-json\/wp\/v2\/product\/2238\/revisions\/2239"}],"wp:featuredmedia":[{"embeddable":true,"href":"https:\/\/www.kahler.com.tr\/index.php\/wp-json\/wp\/v2\/media\/2236"}],"wp:attachment":[{"href":"https:\/\/www.kahler.com.tr\/index.php\/wp-json\/wp\/v2\/media?parent=2238"}],"wp:term":[{"taxonomy":"product-category","embeddable":true,"href":"https:\/\/www.kahler.com.tr\/index.php\/wp-json\/wp\/v2\/product-category?post=2238"}],"curies":[{"name":"wp","href":"https:\/\/api.w.org\/{rel}","templated":true}]}}